{"id":4089,"date":"2019-03-20T11:28:13","date_gmt":"2019-03-20T10:28:13","guid":{"rendered":"https:\/\/electronic-component-services.com\/?page_id=4089"},"modified":"2019-03-26T23:12:58","modified_gmt":"2019-03-26T22:12:58","slug":"primary-battery-2-2","status":"publish","type":"page","link":"https:\/\/electronic-component-services.com\/index.php\/primary-battery-2-2\/","title":{"rendered":"TST"},"content":{"rendered":"<p>[vc_section][vc_row][vc_column]<div  class=\"wpb_content_element   clearfix\"><style type=\"text\/css\" scoped>#ut_am_69f239cf0f73f { opacity: 1; }<\/style><div id=\"ut_am_wrap_69f239cf0f740\" class=\"ut-image-gallery-image \" style=\"text-align:center;\"><div class=\"ut-animated-image-item ut-image-gallery-item ut-animation-done\"><a class=\"ut-deactivated-link\" href=\"#\"><img loading=\"lazy\" decoding=\"async\"  id=\"ut_am_69f239cf0f73f\" style=\"\" src=\"https:\/\/electronic-component-services.com\/wp-content\/uploads\/2019\/03\/TST.jpg\" width=\"261\" height=\"144\" alt=\"\"\/><\/a><\/div><\/div><\/div><style type=\"text\/css\" scoped>#ut_custom_heading69f239cf0f7af { text-align:left; }<\/style><h1 id=\"ut_custom_heading69f239cf0f7af\" class=\"ut-custom-heading-module  \" ><span>The Power of Brooklyn!<\/span><\/h1><div  class=\"wpb_content_element   clearfix\"><style type=\"text\/css\" scoped>#ut_am_69f239cf0fc29 { opacity: 1; }<\/style><div id=\"ut_am_wrap_69f239cf0fc2a\" class=\"ut-image-gallery-image \" style=\"text-align:left;\"><div class=\"ut-animated-image-item ut-image-gallery-item ut-animation-done\"><a class=\"ut-deactivated-link\" href=\"#\"><img loading=\"lazy\" decoding=\"async\"  id=\"ut_am_69f239cf0fc29\" style=\"\" src=\"https:\/\/electronic-component-services.com\/wp-content\/uploads\/2019\/03\/banner.jpg\" width=\"1001\" height=\"163\" alt=\"\"\/><\/a><\/div><\/div><\/div>[vc_column_text]<span class=\"text2_12px\">Founded in 1997, TST&rsquo;s goal is to become the leading manufacturing, design and service provider for high performance communication components. The former Motorola employees who founded TST applied their extensive experiences in related device design, manufacturing and processing development to realize these goals. TST is now recognized as the leading SAW (surface acoustic wave) device supplier in Taiwan, as well as the key OEM\/ODM supplier of SAW device in the world.<\/span><\/p>\n<p><span class=\"text2_12px\">While firmly committed to its core strength in the manufacturing and design of the SAW devices, since early 2001 TST has expanded the span of its products and operations to cover BAW (Bulk Acoustic Wave) devices and modules (Xtal, XO, VCO, VCTCXO\u2026 etc). The strategy has proven to be a successful one. With the help of its outstanding technical and management team, TST is now being recognized and earned a reputation for being a value-added overall solution provider of communication components to its partners.<\/span><\/p>\n<p><span class=\"text2_12px\">In anticipating the continuous and unprecedented growth of the communication segment in Asia, in 2003, TST is setting up its new facilities in Eastern China to better serve its customers&rsquo; in the region with a full span of communication components, devices and modules.<\/span><\/p>\n<p>&nbsp;<\/p>\n\n<!-- G\u00e9n\u00e9ration r\u00e9alis\u00e9e avec Document Gallery. Obtenez votre version ici :http:\/\/wordpress.org\/extend\/plugins\/document-gallery -->\n<div id=\"document-gallery-1\" class=\"document-gallery\" data-shortcode='{\"id\":4089,\"include\":\"4189\",\"exclude\":\"\",\"attachment_pg\":false,\"columns\":6,\"fancy\":true,\"order\":\"ASC\",\"orderby\":\"post__in\",\"relation\":\"AND\",\"limit\":-1,\"mime_types\":\"application,video,text,audio,image\",\"paginate\":true,\"post_status\":\"any\",\"post_type\":\"attachment\",\"descriptions\":false,\"new_window\":false,\"skip\":0}' style='--dg-icon-width: 15%'>\n<div class='document-icon-row'>\n   <div class=\"document-icon\">\n      <a href=\"https:\/\/electronic-component-services.com\/wp-content\/uploads\/2019\/03\/TST-Product-brochure2.pdf\" target=\"_self\">\n         <img decoding=\"async\" src=\"https:\/\/electronic-component-services.com\/wp-content\/uploads\/2019\/03\/TST-Product-brochure2-thumb.png\" title=\"TST-Product-brochure2\" alt=\"TST-Product-brochure2\" data-ext=\"pdf\"\/>\n         <span class=\"title\">TST-Product-brochure2<\/span>\n      <\/a>\n   <\/div>\n\n<\/div>\n<\/div>\n<p>[\/vc_column_text]<div class=\"wpb_content_element \"><div style=\"display:block\">\n<!-- FlowPaper PDF flipbook plugin v.2.0.7 wordpress.org\/plugins\/flowpaper\/ -->\n<iframe title=\"FlowPaper flipbook pdf viewer\" width=\"100%\" height=\"500\" scrolling=\"no\" class=\"flowpaper-class\" frameborder=\"0\" allowFullScreen=\"true\" lightbox=\"false\" cover id src = \"https:\/\/flowpaper.com\/flipbook\/?pdf=https:\/\/electronic-component-services.com\/wp-content\/uploads\/2019\/03\/TST-company-profil-2019.pdf&title=&header=&theme=&singlepage=&thumbs=1&modified=1903261112\" seamless=\"seamless\" style=\"margin-bottom:0;display:block;\">Your browser does not seem to support iframes. <a href=\"https:\/\/flowpaper.com\/flipbook\/?pdf=https:\/\/electronic-component-services.com\/wp-content\/uploads\/2019\/03\/TST-company-profil-2019.pdf\" target=\"_blank\">Click here to read this PDF<\/a>.<\/iframe>\n<div id=\"flowpaper-logo-bottom\" class=\"flowpaper-logo-bg\" style=\"background:linear-gradient(to right, rgba(0,0,0,0.65) 0%,rgba(0,0,0,0) 200px);width:100%;height:19px; padding-bottom: 1px; padding-left: 5px; padding-right: 10px; display: flex; align-items: center;z-index:9999\"><span style=\"height: 37px; padding-left: 6px;width:90%\"> <a id=\"flowpaper-link\" style=\"fill: #fff\" alt=\"FlowPaper logotype\" title=\"FlowPaper logotype\" href=\"https:\/\/flowpaper.com\" target=\"_blank\"> <img decoding=\"async\" alt=\"Publish PDF flipbooks online\" style=\"height:17px;width:auto;margin-top:11px;\" src=\"https:\/\/electronic-component-services.com\/wp-content\/plugins\/flowpaper-lite-pdf-flipbook\/assets\/flowpaper-logo.png\" border=\"0\"> <\/a> <\/span><span style=\" float: right; right: 0; font-size: 10px; white-space: nowrap; opacity:0.8\"><a href=\"https:\/\/flowpaper.com\/flipbook-maker\/\" target=\"_new\" style=\"text-decoration:none;border-bottom:none;\">Created using FlowPaper Flipbook Maker &#8599;<\/a><\/span><\/div><\/div>\r\n                <script>\r\n                document.addEventListener(\"DOMContentLoaded\", function(){\r\n                    var target_element, iframe_element;\r\n                    iframe_element = document.querySelector(\"iframe.flowpaper-class\");\r\n                    target_element = document.querySelector(\"\");\r\n                    iframe_element.style.height = target_element.offsetHeight + \"px\";\r\n                });\r\n                <\/script>\r\n            <\/div>[\/vc_column][\/vc_row][\/vc_section]<\/p>\n","protected":false},"excerpt":{"rendered":"<p>[vc_section][vc_row][vc_column][vc_column_text]Founded in 1997, TST&rsquo;s goal is to become the leading manufacturing, design and service provider for high performance communication components. The former Motorola employees who founded TST applied their extensive experiences in related device design, manufacturing and processing development to realize these goals. TST is now recognized as the leading SAW (surface acoustic wave) device [&hellip;]<\/p>\n","protected":false},"author":1,"featured_media":0,"parent":0,"menu_order":0,"comment_status":"closed","ping_status":"closed","template":"","meta":{"footnotes":""},"yoast_head":"<!-- This site is optimized with the Yoast SEO plugin v21.7 - https:\/\/yoast.com\/wordpress\/plugins\/seo\/ -->\n<title>TST - ELECTRONIC COMPONENT SERVICES<\/title>\n<meta name=\"robots\" content=\"index, follow, max-snippet:-1, max-image-preview:large, max-video-preview:-1\" \/>\n<link rel=\"canonical\" href=\"https:\/\/electronic-component-services.com\/index.php\/primary-battery-2-2\/\" \/>\n<meta property=\"og:locale\" content=\"fr_FR\" \/>\n<meta property=\"og:type\" content=\"article\" \/>\n<meta property=\"og:title\" content=\"TST - ELECTRONIC COMPONENT SERVICES\" \/>\n<meta property=\"og:description\" content=\"[vc_section][vc_row][vc_column][vc_column_text]Founded in 1997, TST&rsquo;s goal is to become the leading manufacturing, design and service provider for high performance communication components. The former Motorola employees who founded TST applied their extensive experiences in related device design, manufacturing and processing development to realize these goals. TST is now recognized as the leading SAW (surface acoustic wave) device [&hellip;]\" \/>\n<meta property=\"og:url\" content=\"https:\/\/electronic-component-services.com\/index.php\/primary-battery-2-2\/\" \/>\n<meta property=\"og:site_name\" content=\"ELECTRONIC COMPONENT SERVICES\" \/>\n<meta property=\"article:modified_time\" content=\"2019-03-26T22:12:58+00:00\" \/>\n<meta name=\"twitter:card\" content=\"summary_large_image\" \/>\n<meta name=\"twitter:label1\" content=\"Dur\u00e9e de lecture estim\u00e9e\" \/>\n\t<meta name=\"twitter:data1\" content=\"1 minute\" \/>\n<script type=\"application\/ld+json\" class=\"yoast-schema-graph\">{\"@context\":\"https:\/\/schema.org\",\"@graph\":[{\"@type\":\"WebPage\",\"@id\":\"https:\/\/electronic-component-services.com\/index.php\/primary-battery-2-2\/\",\"url\":\"https:\/\/electronic-component-services.com\/index.php\/primary-battery-2-2\/\",\"name\":\"TST - ELECTRONIC COMPONENT SERVICES\",\"isPartOf\":{\"@id\":\"https:\/\/electronic-component-services.com\/#website\"},\"datePublished\":\"2019-03-20T10:28:13+00:00\",\"dateModified\":\"2019-03-26T22:12:58+00:00\",\"breadcrumb\":{\"@id\":\"https:\/\/electronic-component-services.com\/index.php\/primary-battery-2-2\/#breadcrumb\"},\"inLanguage\":\"fr-FR\",\"potentialAction\":[{\"@type\":\"ReadAction\",\"target\":[\"https:\/\/electronic-component-services.com\/index.php\/primary-battery-2-2\/\"]}]},{\"@type\":\"BreadcrumbList\",\"@id\":\"https:\/\/electronic-component-services.com\/index.php\/primary-battery-2-2\/#breadcrumb\",\"itemListElement\":[{\"@type\":\"ListItem\",\"position\":1,\"name\":\"Accueil\",\"item\":\"https:\/\/electronic-component-services.com\/\"},{\"@type\":\"ListItem\",\"position\":2,\"name\":\"TST\"}]},{\"@type\":\"WebSite\",\"@id\":\"https:\/\/electronic-component-services.com\/#website\",\"url\":\"https:\/\/electronic-component-services.com\/\",\"name\":\"ELECTRONIC COMPONENT SERVICES\",\"description\":\"the best Lithium batteries in the world\",\"potentialAction\":[{\"@type\":\"SearchAction\",\"target\":{\"@type\":\"EntryPoint\",\"urlTemplate\":\"https:\/\/electronic-component-services.com\/?s={search_term_string}\"},\"query-input\":\"required name=search_term_string\"}],\"inLanguage\":\"fr-FR\"}]}<\/script>\n<!-- \/ Yoast SEO plugin. -->","yoast_head_json":{"title":"TST - ELECTRONIC COMPONENT SERVICES","robots":{"index":"index","follow":"follow","max-snippet":"max-snippet:-1","max-image-preview":"max-image-preview:large","max-video-preview":"max-video-preview:-1"},"canonical":"https:\/\/electronic-component-services.com\/index.php\/primary-battery-2-2\/","og_locale":"fr_FR","og_type":"article","og_title":"TST - ELECTRONIC COMPONENT SERVICES","og_description":"[vc_section][vc_row][vc_column][vc_column_text]Founded in 1997, TST&rsquo;s goal is to become the leading manufacturing, design and service provider for high performance communication components. The former Motorola employees who founded TST applied their extensive experiences in related device design, manufacturing and processing development to realize these goals. TST is now recognized as the leading SAW (surface acoustic wave) device [&hellip;]","og_url":"https:\/\/electronic-component-services.com\/index.php\/primary-battery-2-2\/","og_site_name":"ELECTRONIC COMPONENT SERVICES","article_modified_time":"2019-03-26T22:12:58+00:00","twitter_card":"summary_large_image","twitter_misc":{"Dur\u00e9e de lecture estim\u00e9e":"1 minute"},"schema":{"@context":"https:\/\/schema.org","@graph":[{"@type":"WebPage","@id":"https:\/\/electronic-component-services.com\/index.php\/primary-battery-2-2\/","url":"https:\/\/electronic-component-services.com\/index.php\/primary-battery-2-2\/","name":"TST - ELECTRONIC COMPONENT SERVICES","isPartOf":{"@id":"https:\/\/electronic-component-services.com\/#website"},"datePublished":"2019-03-20T10:28:13+00:00","dateModified":"2019-03-26T22:12:58+00:00","breadcrumb":{"@id":"https:\/\/electronic-component-services.com\/index.php\/primary-battery-2-2\/#breadcrumb"},"inLanguage":"fr-FR","potentialAction":[{"@type":"ReadAction","target":["https:\/\/electronic-component-services.com\/index.php\/primary-battery-2-2\/"]}]},{"@type":"BreadcrumbList","@id":"https:\/\/electronic-component-services.com\/index.php\/primary-battery-2-2\/#breadcrumb","itemListElement":[{"@type":"ListItem","position":1,"name":"Accueil","item":"https:\/\/electronic-component-services.com\/"},{"@type":"ListItem","position":2,"name":"TST"}]},{"@type":"WebSite","@id":"https:\/\/electronic-component-services.com\/#website","url":"https:\/\/electronic-component-services.com\/","name":"ELECTRONIC COMPONENT SERVICES","description":"the best Lithium batteries in the world","potentialAction":[{"@type":"SearchAction","target":{"@type":"EntryPoint","urlTemplate":"https:\/\/electronic-component-services.com\/?s={search_term_string}"},"query-input":"required name=search_term_string"}],"inLanguage":"fr-FR"}]}},"_links":{"self":[{"href":"https:\/\/electronic-component-services.com\/index.php\/wp-json\/wp\/v2\/pages\/4089"}],"collection":[{"href":"https:\/\/electronic-component-services.com\/index.php\/wp-json\/wp\/v2\/pages"}],"about":[{"href":"https:\/\/electronic-component-services.com\/index.php\/wp-json\/wp\/v2\/types\/page"}],"author":[{"embeddable":true,"href":"https:\/\/electronic-component-services.com\/index.php\/wp-json\/wp\/v2\/users\/1"}],"replies":[{"embeddable":true,"href":"https:\/\/electronic-component-services.com\/index.php\/wp-json\/wp\/v2\/comments?post=4089"}],"version-history":[{"count":10,"href":"https:\/\/electronic-component-services.com\/index.php\/wp-json\/wp\/v2\/pages\/4089\/revisions"}],"predecessor-version":[{"id":4192,"href":"https:\/\/electronic-component-services.com\/index.php\/wp-json\/wp\/v2\/pages\/4089\/revisions\/4192"}],"wp:attachment":[{"href":"https:\/\/electronic-component-services.com\/index.php\/wp-json\/wp\/v2\/media?parent=4089"}],"curies":[{"name":"wp","href":"https:\/\/api.w.org\/{rel}","templated":true}]}}