{"id":4072,"date":"2019-03-20T11:16:48","date_gmt":"2019-03-20T10:16:48","guid":{"rendered":"https:\/\/electronic-component-services.com\/?page_id=4072"},"modified":"2019-04-29T23:07:30","modified_gmt":"2019-04-29T21:07:30","slug":"primary-battery-2","status":"publish","type":"page","link":"https:\/\/electronic-component-services.com\/index.php\/primary-battery-2\/","title":{"rendered":"EVE Lithium ion Battery"},"content":{"rendered":"<p>[vc_section][vc_row][vc_column]<div  class=\"wpb_content_element   clearfix\"><style type=\"text\/css\" scoped>#ut_am_69f239d8cada5 { opacity: 1; }<\/style><div id=\"ut_am_wrap_69f239d8cada6\" class=\"ut-image-gallery-image \" style=\"text-align:left;\"><div class=\"ut-animated-image-item ut-image-gallery-item ut-animation-done\"><a class=\"ut-deactivated-link\" href=\"#\"><img loading=\"lazy\" decoding=\"async\"  id=\"ut_am_69f239d8cada5\" style=\"\" src=\"https:\/\/electronic-component-services.com\/wp-content\/uploads\/2019\/03\/batteries-lithium-ion-2.270x270.jpg\" width=\"503\" height=\"154\" alt=\"\"\/><\/a><\/div><\/div><\/div>[vc_column_text]Les batteries lithium-ion (rechargeables) sont des \u00e9l\u00e9ments de forme prismatique ou cylindrique avec une tension allant de 3.2V pour le stockage d&rsquo;\u00e9nergie \u00e0 3.7V pour des applications professionnelles, domestiques et objets connect\u00e9s puis avec la mise en pack\u00a0 nous pouvons proposer des tensions de 12 v , 24v, 36v, 72 , et plus.<\/p>\n<p><strong><a href=\"https:\/\/web.archive.org\/web\/20170909071156\/http:\/www.astone-technology.com\/fr\/produits\/conversion-denergie\/batteries\/non-rechargeables\/\">Sp\u00e9cifications techniques<\/a><\/strong><\/p>\n<table width=\"100%\">\n<tbody>\n<tr>\n<td width=\"180\">Batteries Lithium-ion \/ Polym\u00e8re pour usage professionnel<\/td>\n<td>Batteries pour stockage d&rsquo;\u00e9nergie<\/td>\n<\/tr>\n<tr>\n<td width=\"180\">Haute densit\u00e9 d&rsquo;\u00e9nergie, tensions d&rsquo;alimentation 4.2V\/4.35V, OCV, faible taux de d\u00e9charge (&lt;2% par an)<\/td>\n<td>Les packs de batteries pour stockage d&rsquo;\u00e9nergie ont des capacit\u00e9s de 100Wh \u00e0 plus de 10 000Wh et peuvent supporter plus de 15 000 cycles. Peuvent \u00eatre aliment\u00e9s par panneaux solaires.<\/td>\n<\/tr>\n<tr>\n<td width=\"180\">Temp\u00e9rature d&rsquo;utilisation entre -30\u00b0C et +60\u00b0C.<\/td>\n<td>Protection compl\u00e8te entr\u00e9e\/sortie, contr\u00f4le charge\/d\u00e9charge CC\/CV. Connectivit\u00e9 RS-232.<\/td>\n<\/tr>\n<tr>\n<td width=\"180\">Batteries lithium-ion ou lithium polym\u00e8re sont pr\u00e9sent\u00e9es en cellules seules ou pack avec PCM ou BMS selon sp\u00e9cifications<\/td>\n<td>Dur\u00e9e de vie sup\u00e9rieure \u00e0 15 ans en utilisation standard<\/td>\n<\/tr>\n<\/tbody>\n<\/table>\n<p>[\/vc_column_text]<div class=\"wpb_content_element \"><div style=\"display:block\">\n<!-- FlowPaper PDF flipbook plugin v.2.0.7 wordpress.org\/plugins\/flowpaper\/ -->\n<iframe title=\"FlowPaper flipbook pdf viewer\" width=\"100%\" height=\"500\" scrolling=\"no\" class=\"flowpaper-class\" frameborder=\"0\" allowFullScreen=\"true\" lightbox=\"false\" cover id src = \"https:\/\/flowpaper.com\/flipbook\/?pdf=https:\/\/electronic-component-services.com\/wp-content\/uploads\/2019\/03\/EVE_Flyer_Li_Ion.pdf&title=&header=&theme=&singlepage=&thumbs=1&modified=1904291107\" seamless=\"seamless\" style=\"margin-bottom:0;display:block;\">Your browser does not seem to support iframes. <a href=\"https:\/\/flowpaper.com\/flipbook\/?pdf=https:\/\/electronic-component-services.com\/wp-content\/uploads\/2019\/03\/EVE_Flyer_Li_Ion.pdf\" target=\"_blank\">Click here to read this PDF<\/a>.<\/iframe>\n<div id=\"flowpaper-logo-bottom\" class=\"flowpaper-logo-bg\" style=\"background:linear-gradient(to right, rgba(0,0,0,0.65) 0%,rgba(0,0,0,0) 200px);width:100%;height:19px; padding-bottom: 1px; padding-left: 5px; padding-right: 10px; display: flex; align-items: center;z-index:9999\"><span style=\"height: 37px; padding-left: 6px;width:90%\"> <a id=\"flowpaper-link\" style=\"fill: #fff\" alt=\"FlowPaper logotype\" title=\"FlowPaper logotype\" href=\"https:\/\/flowpaper.com\" target=\"_blank\"> <img decoding=\"async\" alt=\"Publish PDF flipbooks online\" style=\"height:17px;width:auto;margin-top:11px;\" src=\"https:\/\/electronic-component-services.com\/wp-content\/plugins\/flowpaper-lite-pdf-flipbook\/assets\/flowpaper-logo.png\" border=\"0\"> <\/a> <\/span><span style=\" float: right; right: 0; font-size: 10px; white-space: nowrap; opacity:0.8\"><a href=\"https:\/\/flowpaper.com\/flipbook-maker\/\" target=\"_new\" style=\"text-decoration:none;border-bottom:none;\">Created using FlowPaper Flipbook Maker &#8599;<\/a><\/span><\/div><\/div>\r\n                <script>\r\n                document.addEventListener(\"DOMContentLoaded\", function(){\r\n                    var target_element, iframe_element;\r\n                    iframe_element = document.querySelector(\"iframe.flowpaper-class\");\r\n                    target_element = document.querySelector(\"\");\r\n                    iframe_element.style.height = target_element.offsetHeight + \"px\";\r\n                });\r\n                <\/script>\r\n            <\/div>[\/vc_column][\/vc_row][\/vc_section]<\/p>\n","protected":false},"excerpt":{"rendered":"<p>[vc_section][vc_row][vc_column][vc_column_text]Les batteries lithium-ion (rechargeables) sont des \u00e9l\u00e9ments de forme prismatique ou cylindrique avec une tension allant de 3.2V pour le stockage d&rsquo;\u00e9nergie \u00e0 3.7V pour des applications professionnelles, domestiques et objets connect\u00e9s puis avec la mise en pack\u00a0 nous pouvons proposer des tensions de 12 v , 24v, 36v, 72 , et plus. Sp\u00e9cifications techniques [&hellip;]<\/p>\n","protected":false},"author":1,"featured_media":0,"parent":0,"menu_order":0,"comment_status":"closed","ping_status":"closed","template":"","meta":{"footnotes":""},"yoast_head":"<!-- This site is optimized with the Yoast SEO plugin v21.7 - https:\/\/yoast.com\/wordpress\/plugins\/seo\/ -->\n<title>EVE Lithium ion Battery - ELECTRONIC COMPONENT SERVICES<\/title>\n<meta name=\"robots\" content=\"index, follow, max-snippet:-1, max-image-preview:large, max-video-preview:-1\" \/>\n<link rel=\"canonical\" href=\"https:\/\/electronic-component-services.com\/index.php\/primary-battery-2\/\" \/>\n<meta property=\"og:locale\" content=\"fr_FR\" \/>\n<meta property=\"og:type\" content=\"article\" \/>\n<meta property=\"og:title\" content=\"EVE Lithium ion Battery - ELECTRONIC COMPONENT SERVICES\" \/>\n<meta property=\"og:description\" content=\"[vc_section][vc_row][vc_column][vc_column_text]Les batteries lithium-ion (rechargeables) sont des \u00e9l\u00e9ments de forme prismatique ou cylindrique avec une tension allant de 3.2V pour le stockage d&rsquo;\u00e9nergie \u00e0 3.7V pour des applications professionnelles, domestiques et objets connect\u00e9s puis avec la mise en pack\u00a0 nous pouvons proposer des tensions de 12 v , 24v, 36v, 72 , et plus. Sp\u00e9cifications techniques [&hellip;]\" \/>\n<meta property=\"og:url\" content=\"https:\/\/electronic-component-services.com\/index.php\/primary-battery-2\/\" \/>\n<meta property=\"og:site_name\" content=\"ELECTRONIC COMPONENT SERVICES\" \/>\n<meta property=\"article:modified_time\" content=\"2019-04-29T21:07:30+00:00\" \/>\n<meta name=\"twitter:card\" content=\"summary_large_image\" \/>\n<meta name=\"twitter:label1\" content=\"Dur\u00e9e de lecture estim\u00e9e\" \/>\n\t<meta name=\"twitter:data1\" content=\"1 minute\" \/>\n<script type=\"application\/ld+json\" class=\"yoast-schema-graph\">{\"@context\":\"https:\/\/schema.org\",\"@graph\":[{\"@type\":\"WebPage\",\"@id\":\"https:\/\/electronic-component-services.com\/index.php\/primary-battery-2\/\",\"url\":\"https:\/\/electronic-component-services.com\/index.php\/primary-battery-2\/\",\"name\":\"EVE Lithium ion Battery - ELECTRONIC COMPONENT SERVICES\",\"isPartOf\":{\"@id\":\"https:\/\/electronic-component-services.com\/#website\"},\"datePublished\":\"2019-03-20T10:16:48+00:00\",\"dateModified\":\"2019-04-29T21:07:30+00:00\",\"breadcrumb\":{\"@id\":\"https:\/\/electronic-component-services.com\/index.php\/primary-battery-2\/#breadcrumb\"},\"inLanguage\":\"fr-FR\",\"potentialAction\":[{\"@type\":\"ReadAction\",\"target\":[\"https:\/\/electronic-component-services.com\/index.php\/primary-battery-2\/\"]}]},{\"@type\":\"BreadcrumbList\",\"@id\":\"https:\/\/electronic-component-services.com\/index.php\/primary-battery-2\/#breadcrumb\",\"itemListElement\":[{\"@type\":\"ListItem\",\"position\":1,\"name\":\"Accueil\",\"item\":\"https:\/\/electronic-component-services.com\/\"},{\"@type\":\"ListItem\",\"position\":2,\"name\":\"EVE Lithium ion Battery\"}]},{\"@type\":\"WebSite\",\"@id\":\"https:\/\/electronic-component-services.com\/#website\",\"url\":\"https:\/\/electronic-component-services.com\/\",\"name\":\"ELECTRONIC COMPONENT SERVICES\",\"description\":\"the best Lithium batteries in the world\",\"potentialAction\":[{\"@type\":\"SearchAction\",\"target\":{\"@type\":\"EntryPoint\",\"urlTemplate\":\"https:\/\/electronic-component-services.com\/?s={search_term_string}\"},\"query-input\":\"required name=search_term_string\"}],\"inLanguage\":\"fr-FR\"}]}<\/script>\n<!-- \/ Yoast SEO plugin. -->","yoast_head_json":{"title":"EVE Lithium ion Battery - ELECTRONIC COMPONENT SERVICES","robots":{"index":"index","follow":"follow","max-snippet":"max-snippet:-1","max-image-preview":"max-image-preview:large","max-video-preview":"max-video-preview:-1"},"canonical":"https:\/\/electronic-component-services.com\/index.php\/primary-battery-2\/","og_locale":"fr_FR","og_type":"article","og_title":"EVE Lithium ion Battery - ELECTRONIC COMPONENT SERVICES","og_description":"[vc_section][vc_row][vc_column][vc_column_text]Les batteries lithium-ion (rechargeables) sont des \u00e9l\u00e9ments de forme prismatique ou cylindrique avec une tension allant de 3.2V pour le stockage d&rsquo;\u00e9nergie \u00e0 3.7V pour des applications professionnelles, domestiques et objets connect\u00e9s puis avec la mise en pack\u00a0 nous pouvons proposer des tensions de 12 v , 24v, 36v, 72 , et plus. Sp\u00e9cifications techniques [&hellip;]","og_url":"https:\/\/electronic-component-services.com\/index.php\/primary-battery-2\/","og_site_name":"ELECTRONIC COMPONENT SERVICES","article_modified_time":"2019-04-29T21:07:30+00:00","twitter_card":"summary_large_image","twitter_misc":{"Dur\u00e9e de lecture estim\u00e9e":"1 minute"},"schema":{"@context":"https:\/\/schema.org","@graph":[{"@type":"WebPage","@id":"https:\/\/electronic-component-services.com\/index.php\/primary-battery-2\/","url":"https:\/\/electronic-component-services.com\/index.php\/primary-battery-2\/","name":"EVE Lithium ion Battery - ELECTRONIC COMPONENT SERVICES","isPartOf":{"@id":"https:\/\/electronic-component-services.com\/#website"},"datePublished":"2019-03-20T10:16:48+00:00","dateModified":"2019-04-29T21:07:30+00:00","breadcrumb":{"@id":"https:\/\/electronic-component-services.com\/index.php\/primary-battery-2\/#breadcrumb"},"inLanguage":"fr-FR","potentialAction":[{"@type":"ReadAction","target":["https:\/\/electronic-component-services.com\/index.php\/primary-battery-2\/"]}]},{"@type":"BreadcrumbList","@id":"https:\/\/electronic-component-services.com\/index.php\/primary-battery-2\/#breadcrumb","itemListElement":[{"@type":"ListItem","position":1,"name":"Accueil","item":"https:\/\/electronic-component-services.com\/"},{"@type":"ListItem","position":2,"name":"EVE Lithium ion Battery"}]},{"@type":"WebSite","@id":"https:\/\/electronic-component-services.com\/#website","url":"https:\/\/electronic-component-services.com\/","name":"ELECTRONIC COMPONENT SERVICES","description":"the best Lithium batteries in the world","potentialAction":[{"@type":"SearchAction","target":{"@type":"EntryPoint","urlTemplate":"https:\/\/electronic-component-services.com\/?s={search_term_string}"},"query-input":"required name=search_term_string"}],"inLanguage":"fr-FR"}]}},"_links":{"self":[{"href":"https:\/\/electronic-component-services.com\/index.php\/wp-json\/wp\/v2\/pages\/4072"}],"collection":[{"href":"https:\/\/electronic-component-services.com\/index.php\/wp-json\/wp\/v2\/pages"}],"about":[{"href":"https:\/\/electronic-component-services.com\/index.php\/wp-json\/wp\/v2\/types\/page"}],"author":[{"embeddable":true,"href":"https:\/\/electronic-component-services.com\/index.php\/wp-json\/wp\/v2\/users\/1"}],"replies":[{"embeddable":true,"href":"https:\/\/electronic-component-services.com\/index.php\/wp-json\/wp\/v2\/comments?post=4072"}],"version-history":[{"count":4,"href":"https:\/\/electronic-component-services.com\/index.php\/wp-json\/wp\/v2\/pages\/4072\/revisions"}],"predecessor-version":[{"id":4214,"href":"https:\/\/electronic-component-services.com\/index.php\/wp-json\/wp\/v2\/pages\/4072\/revisions\/4214"}],"wp:attachment":[{"href":"https:\/\/electronic-component-services.com\/index.php\/wp-json\/wp\/v2\/media?parent=4072"}],"curies":[{"name":"wp","href":"https:\/\/api.w.org\/{rel}","templated":true}]}}